{"id":206,"date":"2025-05-19T10:35:08","date_gmt":"2025-05-19T07:35:08","guid":{"rendered":"http:\/\/mnaprefabrik.com\/?page_id=206"},"modified":"2025-05-19T10:35:39","modified_gmt":"2025-05-19T07:35:39","slug":"hakkimizda","status":"publish","type":"page","link":"https:\/\/mnaprefabrik.com\/index.php\/hakkimizda\/","title":{"rendered":"Hakk\u0131m\u0131zda"},"content":{"rendered":"<div class=\"wp-block-image\">\n<figure class=\"aligncenter size-full\"><img loading=\"lazy\" decoding=\"async\" width=\"500\" height=\"364\" src=\"https:\/\/mnaprefabrik.com\/wp-content\/uploads\/2025\/02\/Logo.png\" alt=\"\" class=\"wp-image-60\" srcset=\"https:\/\/mnaprefabrik.com\/wp-content\/uploads\/2025\/02\/Logo.png 500w, https:\/\/mnaprefabrik.com\/wp-content\/uploads\/2025\/02\/Logo-206x150.png 206w, https:\/\/mnaprefabrik.com\/wp-content\/uploads\/2025\/02\/Logo-260x189.png 260w\" sizes=\"auto, (max-width: 500px) 100vw, 500px\" \/><\/figure>\n<\/div>\n\n\n<p><strong>MNA Prefabrik \u00c7elik<\/strong>, 25 y\u0131l\u0131 a\u015fk\u0131n s\u00fcredir global \u00e7apta faaliyet g\u00f6steren ve 54\u2019ten fazla \u00fclkeye \u00fcr\u00fcn ve \u00e7\u00f6z\u00fcmler sunan bir lider firmad\u0131r. \u00d6n \u00fcretimli yap\u0131 ve in\u015faat malzemeleri sekt\u00f6r\u00fcnde kazand\u0131\u011f\u0131m\u0131z deneyimle, yenilik\u00e7i \u00e7\u00f6z\u00fcmler ve s\u00fcrd\u00fcr\u00fclebilir projeler geli\u015ftiriyor, sekt\u00f6rdeki standartlar\u0131 belirliyoruz. Yarat\u0131c\u0131 fikirlerimiz ve g\u00fc\u00e7l\u00fc Ar-Ge \u00e7al\u0131\u015fmalar\u0131m\u0131zla her ge\u00e7en g\u00fcn daha de\u011ferli projelere imza at\u0131yoruz.<\/p>\n\n\n\n<p>\u00dcr\u00fcnlerimizi, m\u00fc\u015fterilerimize maksimum fayda sa\u011flayacak \u015fekilde tasarl\u0131yor ve kaliteyi her zaman \u00f6n planda tutuyoruz. Sadece \u00fcretim de\u011fil, sat\u0131\u015f sonras\u0131 hizmetlerimizle de fark yaratmay\u0131 ama\u00e7l\u0131yoruz. \u00c7evre dostu, kaliteli ve pratik ya\u015fam alanlar\u0131 olu\u015fturmak i\u00e7in ileri teknoloji ve s\u00fcrd\u00fcr\u00fclebilirlik ilkelerine dayal\u0131 projeler geli\u015ftiriyoruz.<\/p>\n\n\n\n<p><strong>Vizyonumuz<\/strong>, mod\u00fcler ve \u00e7elik yap\u0131 sistemlerinin kullan\u0131m\u0131n\u0131 yayg\u0131nla\u015ft\u0131rmak ve gelece\u011fin ya\u015fam alanlar\u0131n\u0131 in\u015fa etmektir. 2011 y\u0131l\u0131nda \u0130stanbul\u2019da kurdu\u011fumuz tesisimizde, son teknolojiyle \u00fcretti\u011fimiz y\u00fcksek kaliteli \u00fcr\u00fcnleri, global pazara sunarak her ge\u00e7en g\u00fcn daha fazla insana de\u011fer kat\u0131yoruz.<\/p>\n\n\n\n<p><strong>MNA Prefabrik \u00c7elik<\/strong> olarak, her projede m\u00fc\u015fteri memnuniyetini \u00f6n planda tutuyor, h\u0131zl\u0131 ve etkili \u00e7\u00f6z\u00fcmlerle sekt\u00f6rdeki g\u00fcc\u00fcm\u00fcz\u00fc peki\u015ftiriyoruz. Kalite ve g\u00fcvenilirlikten \u00f6d\u00fcn vermeden, uluslararas\u0131 alanda g\u00fc\u00e7l\u00fc bir marka olma yolunda ilerliyoruz. T\u00fcrkiye&#8217;deki ba\u015far\u0131m\u0131z\u0131n yan\u0131 s\u0131ra, <strong>Sierra Leone<\/strong>, <strong>Bulgaristan<\/strong>, <strong>Almanya<\/strong>, <strong>Ukrayna<\/strong>, <strong>Kuzey Irak<\/strong>, <strong>Suudi Arabistan<\/strong>, <strong>Birle\u015fik Arap Emirlikleri<\/strong>, <strong>Katar<\/strong>, <strong>\u00dcrd\u00fcn<\/strong>, <strong>Libya<\/strong>, <strong>Romanya<\/strong>, <strong>\u00c7ek Cumhuriyeti<\/strong>, <strong>\u00c7at<\/strong>, <strong>Somali<\/strong>, <strong>Kuzey K\u0131br\u0131s T\u00fcrk Cumhuriyeti<\/strong>, <strong>Rusya<\/strong>, <strong>Kazakistan<\/strong>, <strong>\u00d6zbekistan<\/strong>, <strong>Fas<\/strong>, <strong>Dubai<\/strong>, <strong>Moldova<\/strong>, <strong>Fransa<\/strong>, <strong>Suriye<\/strong>, <strong>Cezayir<\/strong> gibi 3 ayr\u0131 k\u0131tada yer alan 54\u2019ten fazla \u00fclkeye ihracat ger\u00e7ekle\u015ftirerek, sekt\u00f6rdeki pazar pay\u0131m\u0131z\u0131 art\u0131r\u0131yor ve global \u00f6l\u00e7ekte kaliteli \u00fcr\u00fcnler ve hizmetler sunuyoruz.<\/p>\n","protected":false},"excerpt":{"rendered":"<p>MNA Prefabrik \u00c7elik, 25 y\u0131l\u0131 a\u015fk\u0131n s\u00fcredir global \u00e7apta faaliyet g\u00f6steren ve 54\u2019ten fazla \u00fclkeye \u00fcr\u00fcn ve \u00e7\u00f6z\u00fcmler sunan bir lider firmad\u0131r. \u00d6n \u00fcretimli yap\u0131 ve in\u015faat malzemeleri sekt\u00f6r\u00fcnde kazand\u0131\u011f\u0131m\u0131z deneyimle, yenilik\u00e7i \u00e7\u00f6z\u00fcmler ve s\u00fcrd\u00fcr\u00fclebilir projeler geli\u015ftiriyor, sekt\u00f6rdeki standartlar\u0131 belirliyoruz. Yarat\u0131c\u0131 fikirlerimiz ve g\u00fc\u00e7l\u00fc Ar-Ge \u00e7al\u0131\u015fmalar\u0131m\u0131zla her ge\u00e7en g\u00fcn daha de\u011ferli projelere imza at\u0131yoruz. \u00dcr\u00fcnlerimizi, [&hellip;]<\/p>\n","protected":false},"author":1,"featured_media":60,"parent":0,"menu_order":0,"comment_status":"closed","ping_status":"closed","template":"","meta":{"footnotes":""},"class_list":["post-206","page","type-page","status-publish","has-post-thumbnail","hentry"],"yoast_head":"<!-- This site is optimized with the Yoast SEO plugin v26.3 - https:\/\/yoast.com\/wordpress\/plugins\/seo\/ -->\r\n<title>Hakk\u0131m\u0131zda - MNA Prefabrik<\/title>\r\n<meta name=\"robots\" content=\"index, follow, max-snippet:-1, max-image-preview:large, max-video-preview:-1\" \/>\r\n<link rel=\"canonical\" href=\"https:\/\/mnaprefabrik.com\/index.php\/hakkimizda\/\" \/>\r\n<meta property=\"og:locale\" content=\"tr_TR\" \/>\r\n<meta property=\"og:type\" content=\"article\" \/>\r\n<meta property=\"og:title\" content=\"Hakk\u0131m\u0131zda - MNA Prefabrik\" \/>\r\n<meta property=\"og:description\" content=\"MNA Prefabrik \u00c7elik, 25 y\u0131l\u0131 a\u015fk\u0131n s\u00fcredir global \u00e7apta faaliyet g\u00f6steren ve 54\u2019ten fazla \u00fclkeye \u00fcr\u00fcn ve \u00e7\u00f6z\u00fcmler sunan bir lider firmad\u0131r. \u00d6n \u00fcretimli yap\u0131 ve in\u015faat malzemeleri sekt\u00f6r\u00fcnde kazand\u0131\u011f\u0131m\u0131z deneyimle, yenilik\u00e7i \u00e7\u00f6z\u00fcmler ve s\u00fcrd\u00fcr\u00fclebilir projeler geli\u015ftiriyor, sekt\u00f6rdeki standartlar\u0131 belirliyoruz. Yarat\u0131c\u0131 fikirlerimiz ve g\u00fc\u00e7l\u00fc Ar-Ge \u00e7al\u0131\u015fmalar\u0131m\u0131zla her ge\u00e7en g\u00fcn daha de\u011ferli projelere imza at\u0131yoruz. \u00dcr\u00fcnlerimizi, [&hellip;]\" \/>\r\n<meta property=\"og:url\" content=\"https:\/\/mnaprefabrik.com\/index.php\/hakkimizda\/\" \/>\r\n<meta property=\"og:site_name\" content=\"MNA Prefabrik\" \/>\r\n<meta property=\"article:modified_time\" content=\"2025-05-19T07:35:39+00:00\" \/>\r\n<meta property=\"og:image\" content=\"https:\/\/mnaprefabrik.com\/wp-content\/uploads\/2025\/02\/Logo.png\" \/>\r\n\t<meta property=\"og:image:width\" content=\"500\" \/>\r\n\t<meta property=\"og:image:height\" content=\"364\" \/>\r\n\t<meta property=\"og:image:type\" content=\"image\/png\" \/>\r\n<meta name=\"twitter:card\" content=\"summary_large_image\" \/>\r\n<meta name=\"twitter:label1\" content=\"Tahmini okuma s\u00fcresi\" \/>\n\t<meta name=\"twitter:data1\" content=\"2 dakika\" \/>\r\n<script type=\"application\/ld+json\" class=\"yoast-schema-graph\">{\"@context\":\"https:\/\/schema.org\",\"@graph\":[{\"@type\":\"WebPage\",\"@id\":\"https:\/\/mnaprefabrik.com\/index.php\/hakkimizda\/\",\"url\":\"https:\/\/mnaprefabrik.com\/index.php\/hakkimizda\/\",\"name\":\"Hakk\u0131m\u0131zda - MNA Prefabrik\",\"isPartOf\":{\"@id\":\"https:\/\/mnaprefabrik.com\/#website\"},\"primaryImageOfPage\":{\"@id\":\"https:\/\/mnaprefabrik.com\/index.php\/hakkimizda\/#primaryimage\"},\"image\":{\"@id\":\"https:\/\/mnaprefabrik.com\/index.php\/hakkimizda\/#primaryimage\"},\"thumbnailUrl\":\"https:\/\/mnaprefabrik.com\/wp-content\/uploads\/2025\/02\/Logo.png\",\"datePublished\":\"2025-05-19T07:35:08+00:00\",\"dateModified\":\"2025-05-19T07:35:39+00:00\",\"breadcrumb\":{\"@id\":\"https:\/\/mnaprefabrik.com\/index.php\/hakkimizda\/#breadcrumb\"},\"inLanguage\":\"tr\",\"potentialAction\":[{\"@type\":\"ReadAction\",\"target\":[\"https:\/\/mnaprefabrik.com\/index.php\/hakkimizda\/\"]}]},{\"@type\":\"ImageObject\",\"inLanguage\":\"tr\",\"@id\":\"https:\/\/mnaprefabrik.com\/index.php\/hakkimizda\/#primaryimage\",\"url\":\"https:\/\/mnaprefabrik.com\/wp-content\/uploads\/2025\/02\/Logo.png\",\"contentUrl\":\"https:\/\/mnaprefabrik.com\/wp-content\/uploads\/2025\/02\/Logo.png\",\"width\":500,\"height\":364},{\"@type\":\"BreadcrumbList\",\"@id\":\"https:\/\/mnaprefabrik.com\/index.php\/hakkimizda\/#breadcrumb\",\"itemListElement\":[{\"@type\":\"ListItem\",\"position\":1,\"name\":\"Anasayfa\",\"item\":\"https:\/\/mnaprefabrik.com\/\"},{\"@type\":\"ListItem\",\"position\":2,\"name\":\"Hakk\u0131m\u0131zda\"}]},{\"@type\":\"WebSite\",\"@id\":\"https:\/\/mnaprefabrik.com\/#website\",\"url\":\"https:\/\/mnaprefabrik.com\/\",\"name\":\"MNA Prefabrik\",\"description\":\"\",\"publisher\":{\"@id\":\"https:\/\/mnaprefabrik.com\/#organization\"},\"potentialAction\":[{\"@type\":\"SearchAction\",\"target\":{\"@type\":\"EntryPoint\",\"urlTemplate\":\"https:\/\/mnaprefabrik.com\/?s={search_term_string}\"},\"query-input\":{\"@type\":\"PropertyValueSpecification\",\"valueRequired\":true,\"valueName\":\"search_term_string\"}}],\"inLanguage\":\"tr\"},{\"@type\":\"Organization\",\"@id\":\"https:\/\/mnaprefabrik.com\/#organization\",\"name\":\"MNA Prefabrik\",\"url\":\"https:\/\/mnaprefabrik.com\/\",\"logo\":{\"@type\":\"ImageObject\",\"inLanguage\":\"tr\",\"@id\":\"https:\/\/mnaprefabrik.com\/#\/schema\/logo\/image\/\",\"url\":\"http:\/\/mnaprefabrik.com\/wp-content\/uploads\/2025\/02\/Logo.png\",\"contentUrl\":\"http:\/\/mnaprefabrik.com\/wp-content\/uploads\/2025\/02\/Logo.png\",\"width\":500,\"height\":364,\"caption\":\"MNA Prefabrik\"},\"image\":{\"@id\":\"https:\/\/mnaprefabrik.com\/#\/schema\/logo\/image\/\"}}]}<\/script>\r\n<!-- \/ Yoast SEO plugin. -->","yoast_head_json":{"title":"Hakk\u0131m\u0131zda - MNA Prefabrik","robots":{"index":"index","follow":"follow","max-snippet":"max-snippet:-1","max-image-preview":"max-image-preview:large","max-video-preview":"max-video-preview:-1"},"canonical":"https:\/\/mnaprefabrik.com\/index.php\/hakkimizda\/","og_locale":"tr_TR","og_type":"article","og_title":"Hakk\u0131m\u0131zda - MNA Prefabrik","og_description":"MNA Prefabrik \u00c7elik, 25 y\u0131l\u0131 a\u015fk\u0131n s\u00fcredir global \u00e7apta faaliyet g\u00f6steren ve 54\u2019ten fazla \u00fclkeye \u00fcr\u00fcn ve \u00e7\u00f6z\u00fcmler sunan bir lider firmad\u0131r. \u00d6n \u00fcretimli yap\u0131 ve in\u015faat malzemeleri sekt\u00f6r\u00fcnde kazand\u0131\u011f\u0131m\u0131z deneyimle, yenilik\u00e7i \u00e7\u00f6z\u00fcmler ve s\u00fcrd\u00fcr\u00fclebilir projeler geli\u015ftiriyor, sekt\u00f6rdeki standartlar\u0131 belirliyoruz. Yarat\u0131c\u0131 fikirlerimiz ve g\u00fc\u00e7l\u00fc Ar-Ge \u00e7al\u0131\u015fmalar\u0131m\u0131zla her ge\u00e7en g\u00fcn daha de\u011ferli projelere imza at\u0131yoruz. \u00dcr\u00fcnlerimizi, [&hellip;]","og_url":"https:\/\/mnaprefabrik.com\/index.php\/hakkimizda\/","og_site_name":"MNA Prefabrik","article_modified_time":"2025-05-19T07:35:39+00:00","og_image":[{"width":500,"height":364,"url":"https:\/\/mnaprefabrik.com\/wp-content\/uploads\/2025\/02\/Logo.png","type":"image\/png"}],"twitter_card":"summary_large_image","twitter_misc":{"Tahmini okuma s\u00fcresi":"2 dakika"},"schema":{"@context":"https:\/\/schema.org","@graph":[{"@type":"WebPage","@id":"https:\/\/mnaprefabrik.com\/index.php\/hakkimizda\/","url":"https:\/\/mnaprefabrik.com\/index.php\/hakkimizda\/","name":"Hakk\u0131m\u0131zda - MNA Prefabrik","isPartOf":{"@id":"https:\/\/mnaprefabrik.com\/#website"},"primaryImageOfPage":{"@id":"https:\/\/mnaprefabrik.com\/index.php\/hakkimizda\/#primaryimage"},"image":{"@id":"https:\/\/mnaprefabrik.com\/index.php\/hakkimizda\/#primaryimage"},"thumbnailUrl":"https:\/\/mnaprefabrik.com\/wp-content\/uploads\/2025\/02\/Logo.png","datePublished":"2025-05-19T07:35:08+00:00","dateModified":"2025-05-19T07:35:39+00:00","breadcrumb":{"@id":"https:\/\/mnaprefabrik.com\/index.php\/hakkimizda\/#breadcrumb"},"inLanguage":"tr","potentialAction":[{"@type":"ReadAction","target":["https:\/\/mnaprefabrik.com\/index.php\/hakkimizda\/"]}]},{"@type":"ImageObject","inLanguage":"tr","@id":"https:\/\/mnaprefabrik.com\/index.php\/hakkimizda\/#primaryimage","url":"https:\/\/mnaprefabrik.com\/wp-content\/uploads\/2025\/02\/Logo.png","contentUrl":"https:\/\/mnaprefabrik.com\/wp-content\/uploads\/2025\/02\/Logo.png","width":500,"height":364},{"@type":"BreadcrumbList","@id":"https:\/\/mnaprefabrik.com\/index.php\/hakkimizda\/#breadcrumb","itemListElement":[{"@type":"ListItem","position":1,"name":"Anasayfa","item":"https:\/\/mnaprefabrik.com\/"},{"@type":"ListItem","position":2,"name":"Hakk\u0131m\u0131zda"}]},{"@type":"WebSite","@id":"https:\/\/mnaprefabrik.com\/#website","url":"https:\/\/mnaprefabrik.com\/","name":"MNA Prefabrik","description":"","publisher":{"@id":"https:\/\/mnaprefabrik.com\/#organization"},"potentialAction":[{"@type":"SearchAction","target":{"@type":"EntryPoint","urlTemplate":"https:\/\/mnaprefabrik.com\/?s={search_term_string}"},"query-input":{"@type":"PropertyValueSpecification","valueRequired":true,"valueName":"search_term_string"}}],"inLanguage":"tr"},{"@type":"Organization","@id":"https:\/\/mnaprefabrik.com\/#organization","name":"MNA Prefabrik","url":"https:\/\/mnaprefabrik.com\/","logo":{"@type":"ImageObject","inLanguage":"tr","@id":"https:\/\/mnaprefabrik.com\/#\/schema\/logo\/image\/","url":"http:\/\/mnaprefabrik.com\/wp-content\/uploads\/2025\/02\/Logo.png","contentUrl":"http:\/\/mnaprefabrik.com\/wp-content\/uploads\/2025\/02\/Logo.png","width":500,"height":364,"caption":"MNA Prefabrik"},"image":{"@id":"https:\/\/mnaprefabrik.com\/#\/schema\/logo\/image\/"}}]}},"_links":{"self":[{"href":"https:\/\/mnaprefabrik.com\/index.php\/wp-json\/wp\/v2\/pages\/206","targetHints":{"allow":["GET"]}}],"collection":[{"href":"https:\/\/mnaprefabrik.com\/index.php\/wp-json\/wp\/v2\/pages"}],"about":[{"href":"https:\/\/mnaprefabrik.com\/index.php\/wp-json\/wp\/v2\/types\/page"}],"author":[{"embeddable":true,"href":"https:\/\/mnaprefabrik.com\/index.php\/wp-json\/wp\/v2\/users\/1"}],"replies":[{"embeddable":true,"href":"https:\/\/mnaprefabrik.com\/index.php\/wp-json\/wp\/v2\/comments?post=206"}],"version-history":[{"count":2,"href":"https:\/\/mnaprefabrik.com\/index.php\/wp-json\/wp\/v2\/pages\/206\/revisions"}],"predecessor-version":[{"id":208,"href":"https:\/\/mnaprefabrik.com\/index.php\/wp-json\/wp\/v2\/pages\/206\/revisions\/208"}],"wp:featuredmedia":[{"embeddable":true,"href":"https:\/\/mnaprefabrik.com\/index.php\/wp-json\/wp\/v2\/media\/60"}],"wp:attachment":[{"href":"https:\/\/mnaprefabrik.com\/index.php\/wp-json\/wp\/v2\/media?parent=206"}],"curies":[{"name":"wp","href":"https:\/\/api.w.org\/{rel}","templated":true}]}}